{"id":4168,"date":"2024-07-12T10:07:46","date_gmt":"2024-07-12T14:07:46","guid":{"rendered":"https:\/\/lostcitytrekcolombia.com\/trips\/lost-city-trek-colombia-4-days\/"},"modified":"2025-12-30T03:29:32","modified_gmt":"2025-12-30T07:29:32","slug":"trek-zur-verlorenen-stadt","status":"publish","type":"product","link":"https:\/\/lostcitytrekcolombia.com\/de\/reisen\/trek-zur-verlorenen-stadt\/","title":{"rendered":"Trek zur Verlorenen Stadt Kolumbien 4 Tage"},"content":{"rendered":"<h2 style=\"font-size: 29px; text-align: left;\">Reiseverlauf des Trek zur Verlorenen Stadt Kolumbien 4 Tage<\/h2>\n<h4 class=\"timeline-title\"><strong>TAG 1:<\/strong> Santa Marta nach El Mamey zum Ad\u00e1n Camp<\/h4>\n<ul>\n<li>Startpunkt: Santa Marta, 9:00 Uhr<\/li>\n<li>Fahrtzeit: 2,5 Stunden (4&#215;4-Fahrt nach El Mamey)<\/li>\n<li>Wanderstrecke: 10 km \/ 4 Stunden<\/li>\n<li>\u00dcbernachtung: Ad\u00e1n Camp<\/li>\n<\/ul>\n<p>Am ersten Morgen deines Verlorene Stadt Trekking Kolumbien Abenteuers kommt um 6:30 Uhr ein Van zu deinem Hotel in Santa Marta, um dich und dein \u00fcbersch\u00fcssiges Gep\u00e4ck zum Expotur-B\u00fcro in der Stadt zu bringen. Nachdem du dich eingerichtet und verstaut hast, was du nicht ben\u00f6tigst, f\u00e4hrst du um 9:00 Uhr in einem robusten 4\u00d74 los f\u00fcr die 2\u00bd-st\u00fcndige Fahrt nach El Mamey, dem Tor zum Trek.<\/p>\n<p>Am sp\u00e4ten Vormittag genie\u00dft du ein warmes, traditionelles kolumbianisches Mittagessen, bevor du deine Rucks\u00e4cke festziehst und die etwa 10 km lange Wanderung durch sonnendurchfluteten Wald und offenes Gel\u00e4nde beginnst. Im Laufe des Nachmittags erreichst du gegen 16:30 Uhr das Ad\u00e1n Camp, wo ein k\u00fchles Bad in einem nat\u00fcrlichen Pool und ein herzhaftes Abendessen unter dem Dschungeldach auf dich warten.<\/p>\n<h4 class=\"timeline-title\"><strong>TAG 2:<\/strong> Ad\u00e1n Camp nach Mutanzhi zum Mumake Camp<\/h4>\n<ul>\n<li>Weckzeit: 5:00 Uhr<\/li>\n<li>Wanderstrecke: insgesamt 18 km<\/li>\n<li>H\u00f6hepunkte: Indigenes Dorf Mutanzhi<\/li>\n<li>\u00dcbernachtung: Mumake Camp<\/li>\n<\/ul>\n<p>Tag zwei begr\u00fc\u00dft dich um 5:00 Uhr mit dem sanften Ruf des Regenwaldes. Nach dem Fr\u00fchst\u00fcck tauchst du tiefer in das Buritaca-Flusstal ein und wanderst etwa vier Stunden lang, bis du das indigene Kogui-Dorf Mutanzhi erreichst. Hier wird dich dein lokaler Guide in jahrhundertealte Br\u00e4uche, traditionelle Kleidung und die \u00fcberlieferte Weisheit der Tayrona-Nachfahren einf\u00fchren.<\/p>\n<p>Eine Mittagspause gibt dir neue Energie, bevor du dich auf \u00fcppigen Dschungelpfaden weiterbewegst und insgesamt etwa 18 km zur\u00fccklegst, bis du am sp\u00e4ten Nachmittag das Mumake Camp erreichst. Wenn die Nacht hereinbricht, tauschst du beim Abendessen Geschichten mit anderen Trekkern aus und schl\u00e4fst zum Chor der nachtaktiven Kreaturen ein.<\/p>\n<h4 class=\"timeline-title\"><strong>TAG 3:<\/strong> Aufstieg zur Ciudad Perdida ( Trek zur Verlorenen Stadt)<\/h4>\n<ul>\n<li>Entfernung: 4 km zur Verlorenen Stadt Tayrona + R\u00fcckweg<\/li>\n<li>Stufen: 1.200 Steinstufen, von den Tayronas gebaut<\/li>\n<li>Besuchsdauer: 3 Stunden Erkundung der St\u00e4tte<\/li>\n<li>\u00dcbernachtung: R\u00fcckkehr zum Mumake Camp<\/li>\n<\/ul>\n<p>Dein dritter Tag beginnt im Morgengrauen mit einem schnellen Fr\u00fchst\u00fcck, danach l\u00e4sst du deinen Hauptrucksack zur\u00fcck und tr\u00e4gst nur das N\u00f6tigste auf der 4 km langen Reise zum Eingang der Verlorenen Stadt. Die eigentliche Herausforderung liegt im Aufstieg der 1.200 moosbewachsenen Steinstufen, die vor Jahrhunderten vom Tayrona-Volk gehauen wurden.<\/p>\n<p>Wenn du auf die Terrassen und Pl\u00e4tze der Trek zur Verlorenen Stadt trittst, w\u00e4hrend das Morgenlicht durch den Nebel filtert, verbringst du etwa drei Stunden damit, ihre kreisf\u00f6rmigen Steinstrukturen zu erkunden und mehr \u00fcber ihre spirituelle Bedeutung zu erfahren. Nach dem Abstieg nach Paso Lorenzo f\u00fcr ein wohlverdientes Mittagessen gehst du zehn Kilometer Dschungelpfad zur\u00fcck zum Mumake Camp und kommst am sp\u00e4ten Nachmittag f\u00fcr einen letzten Abend unter den Sternen an.<\/p>\n<h4 class=\"timeline-title\"><strong>TAG 4:<\/strong> R\u00fcckweg nach El Mamey und Santa Marta<\/h4>\n<ul>\n<li>Gesamtstrecke: 18 km<\/li>\n<li>Gel\u00e4nde: Dschungel und offener Pfad<\/li>\n<li>R\u00fcckkehrzeit: Zwischen 15:00 \u2013 18:00 Uhr in Santa Marta<\/li>\n<li>Endpunkt: Santa Marta (Hauptb\u00fcro oder Hotelabgabe)<\/li>\n<\/ul>\n<p>Am vierten und letzten Tag bereitet dich ein Fr\u00fchst\u00fcck um 6:30 Uhr auf den etwa 18 km langen R\u00fcckweg nach El Mamey vor, eine Reise von etwa sechseinhalb Stunden durch wechselndes Gel\u00e4nde aus dichtem Wald und offenem Pfad. Gegen 14:00 Uhr kommst du in El Mamey f\u00fcr ein festliches Mittagessen an, wobei du die H\u00f6hepunkte der Reise mit deinen Guides und neuen Freunden Revue passieren l\u00e4sst.<\/p>\n<p>Um 15:00 Uhr wartet der 4\u00d74, um dich zur\u00fcck nach Santa Marta zu fahren, wo du zwischen 17:30 Uhr und 18:00 Uhr ankommen kannst. Gerade rechtzeitig, um \u00fcber das unvergessliche Erlebnis der Entdeckung von Trek zur Verlorenen Stadt.<\/p>\n","protected":false},"excerpt":{"rendered":"<p><b>Trek zur Verlorenen Stadt 4 Tage<\/b> ist die abenteuerlichste Option unter den Ausfl\u00fcgen in diese Gegend der Sierra Nevada de Santa Marta. Es ist perfekt f\u00fcr Leute, die einen engen Zeitplan haben, in guter k\u00f6rperlicher Verfassung sind und das intensive Wandern inmitten \u00fcppiger Natur und in Begleitung der Mitglieder indigener Gemeinschaften genie\u00dfen. Wenn du Abenteuer liebst und gerne Sport treibst, genie\u00dfe das Beste des <strong>Verlorene Stadt Treks<\/strong>.<\/p>\n","protected":false},"featured_media":4154,"comment_status":"open","ping_status":"closed","template":"","meta":{"_joinchat":[]},"product_brand":[],"product_cat":[53],"product_tag":[],"class_list":{"0":"post-4168","1":"product","2":"type-product","3":"status-publish","4":"has-post-thumbnail","6":"product_cat-die-sierra-nevada-von-santa-marta","8":"first","9":"instock","10":"virtual","11":"taxable","12":"purchasable","13":"product-type-ovatb_tour"},"_links":{"self":[{"href":"https:\/\/lostcitytrekcolombia.com\/de\/wp-json\/wp\/v2\/product\/4168","targetHints":{"allow":["GET"]}}],"collection":[{"href":"https:\/\/lostcitytrekcolombia.com\/de\/wp-json\/wp\/v2\/product"}],"about":[{"href":"https:\/\/lostcitytrekcolombia.com\/de\/wp-json\/wp\/v2\/types\/product"}],"replies":[{"embeddable":true,"href":"https:\/\/lostcitytrekcolombia.com\/de\/wp-json\/wp\/v2\/comments?post=4168"}],"version-history":[{"count":5,"href":"https:\/\/lostcitytrekcolombia.com\/de\/wp-json\/wp\/v2\/product\/4168\/revisions"}],"predecessor-version":[{"id":4173,"href":"https:\/\/lostcitytrekcolombia.com\/de\/wp-json\/wp\/v2\/product\/4168\/revisions\/4173"}],"wp:featuredmedia":[{"embeddable":true,"href":"https:\/\/lostcitytrekcolombia.com\/de\/wp-json\/wp\/v2\/media\/4154"}],"wp:attachment":[{"href":"https:\/\/lostcitytrekcolombia.com\/de\/wp-json\/wp\/v2\/media?parent=4168"}],"wp:term":[{"taxonomy":"product_brand","embeddable":true,"href":"https:\/\/lostcitytrekcolombia.com\/de\/wp-json\/wp\/v2\/product_brand?post=4168"},{"taxonomy":"product_cat","embeddable":true,"href":"https:\/\/lostcitytrekcolombia.com\/de\/wp-json\/wp\/v2\/product_cat?post=4168"},{"taxonomy":"product_tag","embeddable":true,"href":"https:\/\/lostcitytrekcolombia.com\/de\/wp-json\/wp\/v2\/product_tag?post=4168"}],"curies":[{"name":"wp","href":"https:\/\/api.w.org\/{rel}","templated":true}]}}