{"id":4216,"date":"2024-08-02T17:38:21","date_gmt":"2024-08-02T21:38:21","guid":{"rendered":"https:\/\/lostcitytrekcolombia.com\/trips\/lost-city-trek-kolumbien-5-tage\/"},"modified":"2025-12-30T03:29:09","modified_gmt":"2025-12-30T07:29:09","slug":"lost-city-trek-kolumbien-5-tage","status":"publish","type":"product","link":"https:\/\/lostcitytrekcolombia.com\/de\/reisen\/lost-city-trek-kolumbien-5-tage\/","title":{"rendered":"Lost City Trek Kolumbien 5 Tage"},"content":{"rendered":"<h2 style=\"font-size: 29px; text-align: left;\">Reiseverlauf der Lost City Trek Kolumbien 5 Tage<\/h2>\n<h3 class=\"timeline-title\"><strong>TAG 1:<\/strong> SANTA MARTA &#8211; EL MAMEY &#8211; CAMP 1<\/h3>\n<p class=\"timeline-text\">Dieses Abenteuer zur Lost City Wanderung beginnt gegen 9:30 Uhr in unserem B\u00fcro; wo ein 4&#215;4 Auto Sie in einer 2 \u00bd-st\u00fcndigen Fahrt nach El Mamey bringt, dem Ort, wo wir zu Mittag essen und dann die Suche nach dem heiligen Ort der <strong>Tayronas<\/strong> (Antike beginnen<br \/>\n<a href=\"https:\/\/lostcitytrekcolombia.com\/lost-city\/\" target=\"_blank\" rel=\"noopener noreferrer\"><strong>Lost City Trek Kolumbien 5 Tage <\/strong><\/a>Bewohner). Am Ende des Nachmittags erreichen wir das erste Camp, und in seiner Umgebung finden wir Fl\u00fcsse,<br \/>\nnat\u00fcrliche Pools und Wasserf\u00e4lle, um einen Moment der Entspannung zu haben, und dann essen wir zu Abend und verbringen die Nacht in H\u00e4ngematten.<\/p>\n<h3 class=\"timeline-title\"><strong>TAG 2:<\/strong> CAMP 1 \u2013 CAMP 3<\/h3>\n<p class=\"timeline-text\">Der Tag beginnt und wir fr\u00fchst\u00fccken am Morgen, dann beginnen wir am Flussufer des <strong>Buritaca River<\/strong> zu laufen, wo wir viele H\u00e4user finden, die Teil eines <strong>Kogui indigenen<\/strong> Dorfes namens Mutanshi sind.<br \/>\nUnsere Wanderung w\u00e4hrend des Tages dauert etwa 7 Stunden (14,7 km, meist bergauf, etwas bergab) durch den Dschungel der <strong><a href=\"http:\/\/en.wikipedia.org\/wiki\/Sierra_Nevada_de_Santa_Marta\" target=\"_blank\" rel=\"noopener noreferrer\">Sierra Nevada de Santa Marta<\/a><\/strong> und<br \/>\ngenie\u00dfen die Artenvielfalt, um schlie\u00dflich das dritte Camp (ausgestattet mit H\u00e4ngematten und\/oder Betten) zu erreichen, wo wir ein k\u00f6stliches Abendessen einnehmen und uns nach einem abenteuerlichen Tag ausruhen.<\/p>\n<h3 class=\"timeline-title\"><strong>TAG 3:<\/strong> LOST CITY TEYUNA \u2013 CAMP 2<\/h3>\n<p class=\"timeline-text\">Fr\u00fch am Morgen fr\u00fchst\u00fccken wir, um 1.200 Stufen zu unserem Hauptziel hinaufzusteigen, einem Pfad, der von <strong>Tayrona-Leuten<\/strong> gebaut wurde, um die atemberaubende <strong><a href=\"https:\/\/lostcitytrekcolombia.com\/lost-city\/\" target=\"_blank\" rel=\"noopener noreferrer\">Lost City Kolumbien<\/a><\/strong> zu erreichen.<br \/>\nSobald wir dort ankommen, wird uns der F\u00fchrer alles zeigen, was mit diesem magischen Ort voller Relikte und Geschichten der Vorfahren zu tun hat. Wir werden den Morgen damit verbringen, die Landschaften zu genie\u00dfen und gen\u00fcgend Zeit zu haben, um herumzugehen und Fotos zu machen (unter Aufsicht des F\u00fchrers).<br \/>\nSchlie\u00dflich werden wir zur\u00fcckgehen, um im dritten Camp zu Mittag zu essen und dann zur\u00fcck zum Camp 2 gehen, um zu Abend zu essen und die Nacht zu verbringen. Dies ist eine 7-st\u00fcndige Tageswanderung (6 km, bergauf und bergab).<\/p>\n<h3 class=\"timeline-title\"><strong>TAG 4:<\/strong> CAMP 2 &#8211; CAMP 1<\/h3>\n<p class=\"timeline-text\">Wir fr\u00fchst\u00fccken fr\u00fch, um zum ersten Camp zur\u00fcckzukehren, in dem wir die erste Nacht verbracht haben, wo wir uns ausruhen und in diesem Camp entspannen und die letzte Nacht verbringen k\u00f6nnen (Hier werden Sie den Unterschied zwischen dem 4- und dem 5-Tage Lost City Trekking sehen).<br \/>\nDies ist eine 4-st\u00fcndige Tageswanderung (4,5 km, etwas bergauf, meist bergab).<\/p>\n<h3 class=\"timeline-title\"><strong>TAG 5:<\/strong> CAMP 1 &#8211; EL MAMEY &#8211; SANTA MARTA<\/h3>\n<p class=\"timeline-text\">Der letzte Tag dieser Lost City Wanderung Kolumbien beginnt mit dem Fr\u00fchst\u00fcck im Camp 1, um dann den Weg zur\u00fcck zu dem Punkt fortzusetzen, wo alles begann. Schlie\u00dflich erreichen wir <strong>El Mamey<\/strong>, den Ort, wo wir zu Mittag essen und unser 4&#215;4 Auto uns<br \/>\nabholt, um <strong>zur\u00fcck nach Santa Marta zu fahren<\/strong> und von 15:00 bis 17:00 Uhr anzukommen (abh\u00e4ngig von den Wetterbedingungen und Ihrer Gruppe). M\u00fcde und erstaunt, eine neue Lebenserfahrung in der <strong>Sierra Nevada von Santa Marta<\/strong> zu machen. Dies ist eine 4<br \/>\n-st\u00fcndige Wanderung (5 km, etwas bergauf, etwas bergab).<\/p>\n","protected":false},"excerpt":{"rendered":"<p><strong>Sie haben die Wahl, es auf die vier Tage zu \u00e4ndern, Sie m\u00fcssen es dem F\u00fchrer best\u00e4tigen!<\/strong><\/p>\n<p><strong>Lost City Trek Kolumbien 5 Tage<\/strong> ideal f\u00fcr Leute, die die Natur genie\u00dfen m\u00f6chten, die diese Tour begleitet. Lost City Trek 5 Tage bietet Entspannung und Spa\u00df im erfrischenden Wasser der Wasserf\u00e4lle und nat\u00fcrlichen Pools.<\/p>\n","protected":false},"featured_media":4211,"comment_status":"open","ping_status":"closed","template":"","meta":{"_joinchat":[]},"product_brand":[],"product_cat":[53],"product_tag":[],"class_list":{"0":"post-4216","1":"product","2":"type-product","3":"status-publish","4":"has-post-thumbnail","6":"product_cat-die-sierra-nevada-von-santa-marta","8":"first","9":"instock","10":"taxable","11":"shipping-taxable","12":"purchasable","13":"product-type-ovatb_tour"},"_links":{"self":[{"href":"https:\/\/lostcitytrekcolombia.com\/de\/wp-json\/wp\/v2\/product\/4216","targetHints":{"allow":["GET"]}}],"collection":[{"href":"https:\/\/lostcitytrekcolombia.com\/de\/wp-json\/wp\/v2\/product"}],"about":[{"href":"https:\/\/lostcitytrekcolombia.com\/de\/wp-json\/wp\/v2\/types\/product"}],"replies":[{"embeddable":true,"href":"https:\/\/lostcitytrekcolombia.com\/de\/wp-json\/wp\/v2\/comments?post=4216"}],"version-history":[{"count":2,"href":"https:\/\/lostcitytrekcolombia.com\/de\/wp-json\/wp\/v2\/product\/4216\/revisions"}],"predecessor-version":[{"id":4218,"href":"https:\/\/lostcitytrekcolombia.com\/de\/wp-json\/wp\/v2\/product\/4216\/revisions\/4218"}],"wp:featuredmedia":[{"embeddable":true,"href":"https:\/\/lostcitytrekcolombia.com\/de\/wp-json\/wp\/v2\/media\/4211"}],"wp:attachment":[{"href":"https:\/\/lostcitytrekcolombia.com\/de\/wp-json\/wp\/v2\/media?parent=4216"}],"wp:term":[{"taxonomy":"product_brand","embeddable":true,"href":"https:\/\/lostcitytrekcolombia.com\/de\/wp-json\/wp\/v2\/product_brand?post=4216"},{"taxonomy":"product_cat","embeddable":true,"href":"https:\/\/lostcitytrekcolombia.com\/de\/wp-json\/wp\/v2\/product_cat?post=4216"},{"taxonomy":"product_tag","embeddable":true,"href":"https:\/\/lostcitytrekcolombia.com\/de\/wp-json\/wp\/v2\/product_tag?post=4216"}],"curies":[{"name":"wp","href":"https:\/\/api.w.org\/{rel}","templated":true}]}}