{"id":4223,"date":"2025-05-16T10:32:54","date_gmt":"2025-05-16T14:32:54","guid":{"rendered":"https:\/\/lostcitytrekcolombia.com\/trips\/ciudad-perdida-kolumbien-wanderung-3-tage\/"},"modified":"2026-02-05T10:35:05","modified_gmt":"2026-02-05T14:35:05","slug":"ciudad-perdida-kolumbien-wanderung-3-tage","status":"publish","type":"product","link":"https:\/\/lostcitytrekcolombia.com\/de\/reisen\/ciudad-perdida-kolumbien-wanderung-3-tage\/","title":{"rendered":"Ciudad Perdida Kolumbien Wanderung 3 Tage"},"content":{"rendered":"<h2 style=\"font-size: 29px; text-align: left;\">Reiseverlauf der Ciudad Perdida Kolumbien Wanderung 3 Tage<\/h2>\n<h4 class=\"timeline-title\"><strong>TAG 1:<\/strong> Der Beginn Ihres fantastischen Abenteuers! Ciudad Perdida Kolumbien Wanderung 3 Tage<\/h4>\n<p>Um 5:00 Uhr morgens: Es ist Zeit, sich auf den Weg zu machen! Ihr Abenteuer beginnt mit der Abholung von Ihrer Unterkunft in Santa Marta. Machen Sie sich bereit, die atemberaubende Sierra Nevada von Santa Marta zu erkunden!<\/p>\n<p>Machen Sie sich bereit f\u00fcr ein fantastisches Abenteuer! Wir nehmen Sie mit auf eine aufregende Reise in einem 4\u00d74-Fahrzeug f\u00fcr ca. 3 Stunden ins Herz des Geschehens.<\/p>\n<p>Fr\u00fchst\u00fcck im Mamey: Machen Sie sich bereit, die lokalen Aromen zu schmecken und sich f\u00fcr die Wanderung zu st\u00e4rken!<br \/>\nAls N\u00e4chstes steht eine unglaubliche Motorradfahrt auf einer unbefestigten Stra\u00dfe an, die Sie etwa eine Stunde zum ersten Camp, Vista Hermosa, bringt.<\/p>\n<p>Trek-Start: Machen Sie sich bereit f\u00fcr eine unglaubliche 7,6 km (ca. 3 Stunden) lange Wanderung zum zweiten Camp! Unterwegs werden Sie mit atemberaubenden Ausblicken und den beruhigenden Kl\u00e4ngen der Natur verw\u00f6hnt.<br \/>\nMittagessen im Mumake Camp: Genie\u00dfen Sie ein k\u00f6stliches, nahrhaftes Mittagessen in der Mumake H\u00fctte, w\u00e4hrend Sie in der wundersch\u00f6nen Umgebung entspannen.<\/p>\n<p>Wanderung zum Zhulezhi Camp: Wir sind wieder unterwegs! Es ist eine weitere ca. 4-st\u00fcndige Wanderung, und wir werden die erstaunliche Fauna und Flora der Region zu sch\u00e4tzen wissen.<\/p>\n<p>Ankunft im Zhulezhi Camp: Machen Sie sich bereit, einige fantastische Einrichtungen (Toiletten, Duschen und Strom von 18:00 bis 21:00 Uhr) zu genie\u00dfen und sich in Ihrem Bett zu entspannen.<br \/>\nAbendessen: Machen Sie sich bereit, Geschichten mit Ihrer Gruppe zu teilen, w\u00e4hrend Sie ein k\u00f6stliches lokales Abendessen genie\u00dfen!<\/p>\n<h4 class=\"timeline-title\"><strong>TAG 2:<\/strong> Wir werden die Ciudad Perdida Kolumbien Wanderung 3 Tage entdecken<\/h4>\n<p>Machen Sie sich bereit f\u00fcr einen Tag voller Entdeckungen mit einem fr\u00fchen Fr\u00fchst\u00fcck.<\/p>\n<p>Ciudad Perdida Kolumbien Wanderung 3 Tage. Nur 2 km entfernt, erklimmen Sie die 1.200 Stufen, die zu den majest\u00e4tischen Ruinen von Teyuna f\u00fchren.<\/p>\n<p>Erkunden Sie den Arch\u00e4ologischen Park auf einer 3-st\u00fcndigen Tour und entdecken Sie die Geschichte und Kultur der Vorfahren.<\/p>\n<p>Sie kehren zum Zhulezhi Camp zur\u00fcck, essen zu Mittag und tanken neue Energie, bevor Sie zum Mumake Camp zur\u00fcckkehren, wo Sie die Nacht verbringen werden.<\/p>\n<p>Sie \u00fcbernachten im Camp. Genie\u00dfen Sie das Abendessen und entspannen Sie in den bereitgestellten H\u00e4ngematten oder Betten.<\/p>\n<h4 class=\"timeline-title\"><strong>TAG 3:<\/strong> Es ist Zeit, zur\u00fcck nach Santa Marta zu fahren<\/h4>\n<p>Fr\u00fchst\u00fcck: G\u00f6nnen Sie sich ein k\u00f6stliches, energiespendendes Fr\u00fchst\u00fcck, um sich f\u00fcr die R\u00fcckreise zu st\u00e4rken!<br \/>\nZeit, zur\u00fcck in die Zivilisation zu fahren! Wir fahren in das sch\u00f6ne Dorf El Mamey, was uns etwa 6 bis 8 Stunden dauern wird.<\/p>\n<p>Nach Ihrer Wanderung werden Sie ein sch\u00f6nes Mittagessen in El Mamey genie\u00dfen. Es ist eine gro\u00dfartige Gelegenheit, sich zu entspannen und eine leckere Mahlzeit im Dorf zu genie\u00dfen.<br \/>\nTransport nach Santa Marta: Wir bringen Sie in einem 4\u00d74-Fahrzeug zur\u00fcck in die Stadt, und Sie werden voller unvergesslicher Erinnerungen an dieses wunderbare Abenteuer sein!<\/p>\n<p><strong>Wir w\u00fcrden uns freuen, wenn Sie sich uns anschlie\u00dfen!<\/strong><\/p>\n<p>Dieses einzigartige Erlebnis bietet Ihnen die M\u00f6glichkeit, die Verlorene Stadt zu erkunden und in die Kultur und Weltanschauung der indigenen Bev\u00f6lkerung der Sierra Nevada einzutauchen. Jeder Schritt, den Sie tun, wird eine Entdeckung sein, und jeder Ausblick wird Ihnen den Atem rauben. Buchen Sie bei uns und erleben Sie das Abenteuer! Ciudad Perdida Kolumbien Wanderung 3 Tage<\/p>\n","protected":false},"excerpt":{"rendered":"<p>Ciudad Perdida Kolumbien Wanderung 3 Tage<\/p>\n<p>Begeben Sie sich auf den Ciudad Perdida Kolumbien Wanderung 3 Tage Abenteuer tief in der Sierra Nevada de Santa Marta.<br \/>\nDiese anspruchsvolle, aber unvergessliche Reise f\u00fchrt Sie durch \u00fcppige Dschungelpfade, Fluss\u00fcberquerungen und heilige indigene Pfade.<\/p>\n<p>F\u00fchrt zu den mystischen \u00dcberresten der Verlorenen Stadt Kolumbiens, einer der au\u00dfergew\u00f6hnlichsten arch\u00e4ologischen St\u00e4tten S\u00fcdamerikas.<br \/>\nJeden Tag wandern Sie 7 bis 8 Stunden lang, umgeben von atemberaubenden Landschaften, exotischen Wildtieren und reicher Ahnenenergie.<\/p>\n<p>Unterwegs teilen erfahrene lokale F\u00fchrer die Geschichten der Tayrona-Zivilisation und verbinden jeden Schritt mit Jahrhunderten verborgener Geschichte.<br \/>\n<strong>Reisepreis 2.150.000 COP mit \u00dcbersetzer<\/strong><\/p>\n","protected":false},"featured_media":4219,"comment_status":"open","ping_status":"closed","template":"","meta":{"_joinchat":[]},"product_brand":[],"product_cat":[53],"product_tag":[],"class_list":{"0":"post-4223","1":"product","2":"type-product","3":"status-publish","4":"has-post-thumbnail","6":"product_cat-die-sierra-nevada-von-santa-marta","8":"first","9":"instock","10":"taxable","11":"shipping-taxable","12":"purchasable","13":"product-type-ovatb_tour"},"_links":{"self":[{"href":"https:\/\/lostcitytrekcolombia.com\/de\/wp-json\/wp\/v2\/product\/4223","targetHints":{"allow":["GET"]}}],"collection":[{"href":"https:\/\/lostcitytrekcolombia.com\/de\/wp-json\/wp\/v2\/product"}],"about":[{"href":"https:\/\/lostcitytrekcolombia.com\/de\/wp-json\/wp\/v2\/types\/product"}],"replies":[{"embeddable":true,"href":"https:\/\/lostcitytrekcolombia.com\/de\/wp-json\/wp\/v2\/comments?post=4223"}],"version-history":[{"count":2,"href":"https:\/\/lostcitytrekcolombia.com\/de\/wp-json\/wp\/v2\/product\/4223\/revisions"}],"predecessor-version":[{"id":4225,"href":"https:\/\/lostcitytrekcolombia.com\/de\/wp-json\/wp\/v2\/product\/4223\/revisions\/4225"}],"wp:featuredmedia":[{"embeddable":true,"href":"https:\/\/lostcitytrekcolombia.com\/de\/wp-json\/wp\/v2\/media\/4219"}],"wp:attachment":[{"href":"https:\/\/lostcitytrekcolombia.com\/de\/wp-json\/wp\/v2\/media?parent=4223"}],"wp:term":[{"taxonomy":"product_brand","embeddable":true,"href":"https:\/\/lostcitytrekcolombia.com\/de\/wp-json\/wp\/v2\/product_brand?post=4223"},{"taxonomy":"product_cat","embeddable":true,"href":"https:\/\/lostcitytrekcolombia.com\/de\/wp-json\/wp\/v2\/product_cat?post=4223"},{"taxonomy":"product_tag","embeddable":true,"href":"https:\/\/lostcitytrekcolombia.com\/de\/wp-json\/wp\/v2\/product_tag?post=4223"}],"curies":[{"name":"wp","href":"https:\/\/api.w.org\/{rel}","templated":true}]}}