{"id":3611,"date":"2024-07-12T10:07:46","date_gmt":"2024-07-12T14:07:46","guid":{"rendered":"https:\/\/lostcitytrekcolombia.com\/trips\/trek-de-la-cite-perdue-colombie\/"},"modified":"2025-12-30T03:34:32","modified_gmt":"2025-12-30T07:34:32","slug":"trek-de-la-cite-perdue-colombie","status":"publish","type":"product","link":"https:\/\/lostcitytrekcolombia.com\/fr\/voyages\/trek-de-la-cite-perdue-colombie\/","title":{"rendered":"Trek de la Cit\u00e9 Perdue Colombie 4 jours"},"content":{"rendered":"<h2 style=\"font-size: 29px; text-align: left;\">Itin\u00e9raire du Trek de la cit\u00e9 perdue Colombie 4 jours<\/h2>\n<h4 class=\"timeline-title\"><strong>JOUR 1 :<\/strong> Santa Marta \u00e0 El Mamey au camp Ad\u00e1n<\/h4>\n<ul>\n<li>Point de d\u00e9part : Santa Marta, 9h00<\/li>\n<li>Temps de trajet : 2h30 (trajet en 4&#215;4 jusqu&#8217;\u00e0 El Mamey)<\/li>\n<li>Distance de randonn\u00e9e : 10 km \/ 4 heures<\/li>\n<li>Nuit\u00e9e : camp Ad\u00e1n<\/li>\n<\/ul>\n<p>Le premier matin de ton aventure Trek de la cit\u00e9 perdue Colombie, un van arrivera \u00e0 ton h\u00f4tel de Santa Marta \u00e0 6h30 pour te transporter avec tes bagages suppl\u00e9mentaires au bureau Expotur en ville. Apr\u00e8s t&#8217;\u00eatre install\u00e9 et avoir rang\u00e9 ce dont tu n&#8217;auras pas besoin, tu partiras dans un robuste 4\u00d74 \u00e0 9h00 pour le trajet de 2h30 jusqu&#8217;\u00e0 El Mamey, la porte d&#8217;entr\u00e9e du trek.<\/p>\n<p>En fin de matin\u00e9e, tu savoureras un d\u00e9jeuner colombien traditionnel et chaleureux avant de serrer ton sac \u00e0 dos et de commencer la randonn\u00e9e d&#8217;environ 10 km \u00e0 travers la for\u00eat tachet\u00e9e de soleil et le terrain ouvert. L&#8217;apr\u00e8s-midi s&#8217;\u00e9tirant, tu arriveras au camp Ad\u00e1n vers 16h30, o\u00f9 un plongeon rafra\u00eechissant dans un bassin naturel et un d\u00eener copieux t&#8217;attendent sous la canop\u00e9e de la jungle.<\/p>\n<h4 class=\"timeline-title\"><strong>JOUR 2 :<\/strong> camp Ad\u00e1n \u00e0 Mutanzhi au camp Mumake<\/h4>\n<ul>\n<li>Heure de r\u00e9veil : 5h00<\/li>\n<li>Distance de randonn\u00e9e : 18 km au total<\/li>\n<li>Points forts : Village indig\u00e8ne de Mutanzhi<\/li>\n<li>Nuit\u00e9e : camp Mumake<\/li>\n<\/ul>\n<p>Le deuxi\u00e8me jour te salue \u00e0 5h00 avec l&#8217;appel doux de la for\u00eat tropicale. Apr\u00e8s le petit-d\u00e9jeuner, tu plongeras plus profond\u00e9ment dans la vall\u00e9e de la rivi\u00e8re Buritaca, en marchant pendant environ quatre heures jusqu&#8217;\u00e0 atteindre le village indig\u00e8ne Kogui de Mutanzhi. Ici, ton guide local te pr\u00e9sentera les coutumes s\u00e9culaires, les v\u00eatements traditionnels et la sagesse ancestrale des descendants Tayrona.<\/p>\n<p>Une pause de midi restaure ton \u00e9nergie avant de continuer \u00e0 travers les sentiers luxuriants de la jungle, couvrant environ 18 km au total, jusqu&#8217;\u00e0 \u00e9merger au camp Mumake en fin d&#8217;apr\u00e8s-midi. \u00c0 la tomb\u00e9e de la nuit, \u00e9change des histoires avec tes compagnons de trek autour du d\u00eener et endors-toi au ch\u0153ur des cr\u00e9atures nocturnes.<\/p>\n<h4 class=\"timeline-title\"><strong>JOUR 3 :<\/strong> ascension vers Ciudad Perdida (Trek de la cit\u00e9 perdue Colombie)<\/h4>\n<ul>\n<li>Distance : 4 km jusqu&#8217;\u00e0 la Cit\u00e9 Perdue Tayrona + trek de retour<\/li>\n<li>Marches : 1 200 marches de pierre construites par les Tayronas<\/li>\n<li>Dur\u00e9e de visite : 3 heures d&#8217;exploration du site<\/li>\n<li>Nuit\u00e9e : retour au camp Mumake<\/li>\n<\/ul>\n<p>Ton troisi\u00e8me jour commence \u00e0 l&#8217;aube avec un petit-d\u00e9jeuner rapide, apr\u00e8s quoi tu laisseras ton sac principal derri\u00e8re toi et ne porteras que l&#8217;essentiel pour le voyage de 4 km jusqu&#8217;\u00e0 l&#8217;entr\u00e9e de Trek de la cit\u00e9 perdue Colombie. Le vrai d\u00e9fi r\u00e9side dans l&#8217;ascension des 1 200 marches de pierre couvertes de mousse sculpt\u00e9es par le peuple Tayrona il y a des si\u00e8cles.<\/p>\n<p>\u00c9mergeant sur les terrasses et places de Trek de la cit\u00e9 perdue Colombie juste au moment o\u00f9 la lumi\u00e8re matinale filtre \u00e0 travers la brume, tu passeras environ trois heures \u00e0 explorer ses structures circulaires en pierre et \u00e0 apprendre leur signification spirituelle. Apr\u00e8s \u00eatre descendu \u00e0 Paso Lorenzo pour un d\u00e9jeuner bien m\u00e9rit\u00e9, tu retraceras dix kilom\u00e8tres de sentier de jungle jusqu&#8217;au camp Mumake, arrivant en fin d&#8217;apr\u00e8s-midi pour une derni\u00e8re soir\u00e9e sous les \u00e9toiles.<\/p>\n<h4 class=\"timeline-title\"><strong>JOUR 4 :<\/strong> trek de retour vers El Mamey et Santa Marta<\/h4>\n<ul>\n<li>Distance totale : 18 km<\/li>\n<li>Terrain : Jungle et sentier ouvert<\/li>\n<li>Heure de retour : Entre 15h00 et 18h00 \u00e0 Santa Marta<\/li>\n<li>Point d&#8217;arriv\u00e9e : Santa Marta (bureau principal ou d\u00e9p\u00f4t \u00e0 l&#8217;h\u00f4tel)<\/li>\n<\/ul>\n<p>Le quatri\u00e8me et dernier jour, un petit-d\u00e9jeuner \u00e0 6h30 te pr\u00e9pare pour le trek de retour d&#8217;environ 18 km vers El Mamey, un voyage d&#8217;environ six heures et demie \u00e0 travers un terrain changeant de for\u00eat dense et de sentier ouvert. Vers 14h00, tu arriveras de retour \u00e0 El Mamey pour un d\u00e9jeuner de c\u00e9l\u00e9bration, racontant les moments forts du voyage avec tes guides et nouveaux amis.<\/p>\n<p>\u00c0 15h00, le 4\u00d74 t&#8217;attendra pour te ramener \u00e0 Santa Marta, o\u00f9 tu peux t&#8217;attendre \u00e0 arriver entre 17h30 et 18h00. Juste \u00e0 temps pour r\u00e9fl\u00e9chir \u00e0 l&#8217;exp\u00e9rience inoubliable de la d\u00e9couverte de Trek de la cit\u00e9 perdue Colombie.<\/p>\n","protected":false},"excerpt":{"rendered":"<p><strong>Trek de la cit\u00e9 perdue Colombie 4 Jours<\/strong> est l&#8217;option la plus aventureuse des excursions vers cette zone de la Sierra Nevada de Santa Marta, elle est parfaite pour les personnes qui ont un emploi du temps serr\u00e9 et sont en bonne condition physique et appr\u00e9cient la marche intense entour\u00e9e par une nature luxuriante et la compagnie des membres des communaut\u00e9s indig\u00e8nes. Si tu aimes l&#8217;aventure et que tu aimes faire de l&#8217;exercice ou du sport, profite du meilleur <strong>du Trek de la cit\u00e9 perdue Colombie.<\/strong><\/p>\n","protected":false},"featured_media":3597,"comment_status":"open","ping_status":"closed","template":"","meta":{"_joinchat":[]},"product_brand":[],"product_cat":[45],"product_tag":[],"class_list":{"0":"post-3611","1":"product","2":"type-product","3":"status-publish","4":"has-post-thumbnail","6":"product_cat-la-sierra-nevada-de-santa-marta","8":"first","9":"instock","10":"taxable","11":"shipping-taxable","12":"purchasable","13":"product-type-ovatb_tour"},"_links":{"self":[{"href":"https:\/\/lostcitytrekcolombia.com\/fr\/wp-json\/wp\/v2\/product\/3611","targetHints":{"allow":["GET"]}}],"collection":[{"href":"https:\/\/lostcitytrekcolombia.com\/fr\/wp-json\/wp\/v2\/product"}],"about":[{"href":"https:\/\/lostcitytrekcolombia.com\/fr\/wp-json\/wp\/v2\/types\/product"}],"replies":[{"embeddable":true,"href":"https:\/\/lostcitytrekcolombia.com\/fr\/wp-json\/wp\/v2\/comments?post=3611"}],"version-history":[{"count":4,"href":"https:\/\/lostcitytrekcolombia.com\/fr\/wp-json\/wp\/v2\/product\/3611\/revisions"}],"predecessor-version":[{"id":4010,"href":"https:\/\/lostcitytrekcolombia.com\/fr\/wp-json\/wp\/v2\/product\/3611\/revisions\/4010"}],"wp:featuredmedia":[{"embeddable":true,"href":"https:\/\/lostcitytrekcolombia.com\/fr\/wp-json\/wp\/v2\/media\/3597"}],"wp:attachment":[{"href":"https:\/\/lostcitytrekcolombia.com\/fr\/wp-json\/wp\/v2\/media?parent=3611"}],"wp:term":[{"taxonomy":"product_brand","embeddable":true,"href":"https:\/\/lostcitytrekcolombia.com\/fr\/wp-json\/wp\/v2\/product_brand?post=3611"},{"taxonomy":"product_cat","embeddable":true,"href":"https:\/\/lostcitytrekcolombia.com\/fr\/wp-json\/wp\/v2\/product_cat?post=3611"},{"taxonomy":"product_tag","embeddable":true,"href":"https:\/\/lostcitytrekcolombia.com\/fr\/wp-json\/wp\/v2\/product_tag?post=3611"}],"curies":[{"name":"wp","href":"https:\/\/api.w.org\/{rel}","templated":true}]}}