{"id":3695,"date":"2024-08-02T17:38:21","date_gmt":"2024-08-02T21:38:21","guid":{"rendered":"https:\/\/lostcitytrekcolombia.com\/trips\/randonnee-dans-la-cite-perdue-colombie-5-jours\/"},"modified":"2025-12-30T03:34:40","modified_gmt":"2025-12-30T07:34:40","slug":"randonnee-dans-la-cite-perdue-colombie-5-jours","status":"publish","type":"product","link":"https:\/\/lostcitytrekcolombia.com\/fr\/voyages\/randonnee-dans-la-cite-perdue-colombie-5-jours\/","title":{"rendered":"Randonn\u00e9e dans la Cit\u00e9 Perdue Colombie 5 jours"},"content":{"rendered":"<h2 style=\"font-size: 29px; text-align: left;\">Itin\u00e9raire de la Randonn\u00e9e dans la Cit\u00e9 Perdue Colombie 5 jours<\/h2>\n<h3 class=\"timeline-title\"><strong>JOUR 1 :<\/strong> SANTA MARTA &#8211; EL MAMEY &#8211; CAMP 1<\/h3>\n<p class=\"timeline-text\">Cette aventure \u00e0 la Randonn\u00e9e dans la cit\u00e9 perdue Colombie 5 jours 9h30 \u00e0 notre bureau ; o\u00f9 une voiture 4&#215;4 vous emm\u00e8nera en 2 heures et demie de route jusqu&#8217;\u00e0 El Mamey, l&#8217;endroit o\u00f9 nous d\u00e9jeunerons et commencerons ensuite la recherche du lieu sacr\u00e9 des <strong>Tayronas<\/strong> (antique<br \/>\nr\u00e9sidents de <strong>la Randonn\u00e9e dans la cit\u00e9 perdue Colombie 5 jours<\/strong>). \u00c0 la fin de l&#8217;apr\u00e8s-midi, nous arrivons au premier camp, et dans ses environs, nous trouverons des rivi\u00e8res,<br \/>\ndes piscines naturelles et des cascades pour un moment de d\u00e9tente, puis nous d\u00eenerons et passerons la nuit dans des hamacs.<\/p>\n<h3 class=\"timeline-title\"><strong>JOUR 2 :<\/strong> CAMP 1 \u2013 CAMP 3<\/h3>\n<p class=\"timeline-text\">La journ\u00e9e commence et nous prenons le petit d\u00e9jeuner t\u00f4t le matin, puis nous commen\u00e7ons \u00e0 marcher au bord de la rivi\u00e8re <strong>Buritaca<\/strong> o\u00f9 nous trouverons de nombreuses maisons qui font partie d&#8217;un village <strong>indig\u00e8ne Kogui<\/strong> appel\u00e9 Mutanshi.<br \/>\nNotre randonn\u00e9e pendant la journ\u00e9e durera environ 7 heures (14,7 km, principalement en mont\u00e9e, un peu en descente) \u00e0 travers la jungle de la <strong><a href=\"http:\/\/en.wikipedia.org\/wiki\/Sierra_Nevada_de_Santa_Marta\" target=\"_blank\" rel=\"noopener noreferrer\">Sierra Nevada de Santa Marta<\/a><\/strong> et<br \/>\nprofitant de la biodiversit\u00e9 pour enfin atteindre le troisi\u00e8me camp (\u00e9quip\u00e9 de hamacs et\/ou de lits) o\u00f9 nous prendrons un d\u00e9licieux d\u00eener et nous reposerons apr\u00e8s une journ\u00e9e d&#8217;aventure.<\/p>\n<h3 class=\"timeline-title\"><strong>JOUR 3 :<\/strong> CIT\u00c9 PERDUE TEYUNA \u2013 CAMP 2<\/h3>\n<p class=\"timeline-text\">T\u00f4t le matin, nous prenons le petit d\u00e9jeuner pour commencer \u00e0 gravir 1 200 marches jusqu&#8217;\u00e0 notre destination principale, un sentier construit par le <strong>peuple Tayrona<\/strong> pour atteindre la magnifique de la<strong> Randonn\u00e9e dans la cit\u00e9 perdue Colombie 5 jours.<\/strong><br \/>\nUne fois arriv\u00e9s, le guide nous montrera tout ce qui concerne ce lieu magique rempli de reliques et d&#8217;histoires ancestrales. Nous passerons la matin\u00e9e \u00e0 profiter des paysages et \u00e0 avoir suffisamment de temps pour nous promener et prendre des photos (sous la supervision du guide).<br \/>\nEnfin, nous retournerons d\u00e9jeuner au troisi\u00e8me camp, puis nous retournerons au camp 2 pour d\u00eener et passer la nuit. Il s&#8217;agit d&#8217;une randonn\u00e9e de 7 heures (6 km, mont\u00e9e et descente).<\/p>\n<h3 class=\"timeline-title\"><strong>JOUR 4 :<\/strong> CAMP 2 &#8211; CAMP 1<\/h3>\n<p class=\"timeline-text\">Nous prenons un petit d\u00e9jeuner matinal pour retourner au premier camp o\u00f9 nous avons pass\u00e9 la premi\u00e8re nuit, o\u00f9 nous pouvons nous reposer et nous d\u00e9tendre dans ce camp et passer la derni\u00e8re nuit (Ici, vous verrez la diff\u00e9rence entre le trekking de 4 et 5 jours \u00e0 la Cit\u00e9 Perdue).<br \/>\nIl s&#8217;agit d&#8217;une randonn\u00e9e de 4 heures (4,5 km, un peu de mont\u00e9e, principalement de la descente).<\/p>\n<h3 class=\"timeline-title\"><strong>JOUR 5 :<\/strong> CAMP 1 &#8211; EL MAMEY &#8211; SANTA MARTA<\/h3>\n<p class=\"timeline-text\">Le dernier jour de cette randonn\u00e9e \u00e0 la Randonn\u00e9e dans la cit\u00e9 perdue Colombie 5 jours commence par le petit d\u00e9jeuner au camp 1 pour ensuite continuer le chemin du retour au point o\u00f9 tout a commenc\u00e9. Enfin, nous atteignons <strong>El Mamey<\/strong>, l&#8217;endroit o\u00f9 nous d\u00e9jeunerons et o\u00f9 notre voiture 4&#215;4 viendra nous chercher<br \/>\npour <strong>retourner \u00e0 Santa Marta<\/strong> en arrivant de 15h00 \u00e0 17h00 (en fonction des conditions m\u00e9t\u00e9orologiques et de votre groupe). Fatigu\u00e9 et \u00e9merveill\u00e9 d&#8217;avoir v\u00e9cu une nouvelle exp\u00e9rience inoubliable dans la Sierra Nevada de Santa Marta. Il s&#8217;agit d&#8217;une randonn\u00e9e de 4<br \/>\nheures (5 km, un peu de mont\u00e9e, un peu de descente).<\/p>\n","protected":false},"excerpt":{"rendered":"<p><strong>Randonn\u00e9e dans la cit\u00e9 perdue Colombie 5 jours, vous devez le confirmer au guide !<\/strong><\/p>\n<p><strong>Randonn\u00e9e dans la cit\u00e9 perdue Colombie 5 jours<\/strong> est id\u00e9al pour les personnes d\u00e9sireuses de profiter de la nature qui accompagne cette excursion. Le trek de 5 jours \u00e0 la Cit\u00e9 Perdue offre d\u00e9tente et plaisir dans les eaux rafra\u00eechissantes des cascades et des piscines naturelles.<\/p>\n","protected":false},"featured_media":3684,"comment_status":"open","ping_status":"closed","template":"","meta":{"_joinchat":[]},"product_brand":[],"product_cat":[45],"product_tag":[],"class_list":{"0":"post-3695","1":"product","2":"type-product","3":"status-publish","4":"has-post-thumbnail","6":"product_cat-la-sierra-nevada-de-santa-marta","8":"first","9":"instock","10":"taxable","11":"shipping-taxable","12":"purchasable","13":"product-type-ovatb_tour"},"_links":{"self":[{"href":"https:\/\/lostcitytrekcolombia.com\/fr\/wp-json\/wp\/v2\/product\/3695","targetHints":{"allow":["GET"]}}],"collection":[{"href":"https:\/\/lostcitytrekcolombia.com\/fr\/wp-json\/wp\/v2\/product"}],"about":[{"href":"https:\/\/lostcitytrekcolombia.com\/fr\/wp-json\/wp\/v2\/types\/product"}],"replies":[{"embeddable":true,"href":"https:\/\/lostcitytrekcolombia.com\/fr\/wp-json\/wp\/v2\/comments?post=3695"}],"version-history":[{"count":5,"href":"https:\/\/lostcitytrekcolombia.com\/fr\/wp-json\/wp\/v2\/product\/3695\/revisions"}],"predecessor-version":[{"id":4011,"href":"https:\/\/lostcitytrekcolombia.com\/fr\/wp-json\/wp\/v2\/product\/3695\/revisions\/4011"}],"wp:featuredmedia":[{"embeddable":true,"href":"https:\/\/lostcitytrekcolombia.com\/fr\/wp-json\/wp\/v2\/media\/3684"}],"wp:attachment":[{"href":"https:\/\/lostcitytrekcolombia.com\/fr\/wp-json\/wp\/v2\/media?parent=3695"}],"wp:term":[{"taxonomy":"product_brand","embeddable":true,"href":"https:\/\/lostcitytrekcolombia.com\/fr\/wp-json\/wp\/v2\/product_brand?post=3695"},{"taxonomy":"product_cat","embeddable":true,"href":"https:\/\/lostcitytrekcolombia.com\/fr\/wp-json\/wp\/v2\/product_cat?post=3695"},{"taxonomy":"product_tag","embeddable":true,"href":"https:\/\/lostcitytrekcolombia.com\/fr\/wp-json\/wp\/v2\/product_tag?post=3695"}],"curies":[{"name":"wp","href":"https:\/\/api.w.org\/{rel}","templated":true}]}}