{"id":3702,"date":"2025-05-16T10:32:54","date_gmt":"2025-05-16T14:32:54","guid":{"rendered":"https:\/\/lostcitytrekcolombia.com\/trips\/circuit-de-3-jours-a-la-cite-perdue-de-colombie\/"},"modified":"2026-02-05T10:34:10","modified_gmt":"2026-02-05T14:34:10","slug":"circuit-de-3-jours-a-la-cite-perdue-de-colombie","status":"publish","type":"product","link":"https:\/\/lostcitytrekcolombia.com\/fr\/voyages\/circuit-de-3-jours-a-la-cite-perdue-de-colombie\/","title":{"rendered":"Circuit de 3 Jours \u00e0 La Cit\u00e9 Perdue de Colombie"},"content":{"rendered":"<h2 style=\"font-size: 29px; text-align: left;\">Le Circuit de 3 Jours \u00e0 La Cit\u00e9 Perdue de Colombie<\/h2>\n<h4 class=\"timeline-title\"><strong>Jour 1:<\/strong> Le Circuit de 3 Jours \u00e0 La Cit\u00e9 Perdue de Colombie commence<\/h4>\n<p>\u00c0 5h00 : C&#8217;est l&#8217;heure de prendre la route ! Ton aventure commence quand on vient te chercher \u00e0 ton h\u00e9bergement \u00e0 Santa Marta. Pr\u00e9pare-toi \u00e0 explorer l&#8217;\u00e9poustouflante Sierra Nevada de Santa Marta !<\/p>\n<p>Pr\u00e9pare-toi pour une aventure incroyable ! On t&#8217;emm\u00e8ne dans un voyage palpitant en v\u00e9hicule 4\u00d74 pendant environ 3 heures jusqu&#8217;au c\u0153ur de l&#8217;action.<\/p>\n<p>Petit-d\u00e9jeuner au Mamey : Pr\u00e9pare-toi \u00e0 go\u00fbter les saveurs locales et \u00e0 te motiver pour la randonn\u00e9e !<br \/>\nEnsuite, c&#8217;est un incroyable trajet en moto sur une route non pav\u00e9e qui te prendra environ une heure pour atteindre le premier camp, Vista Hermosa.<\/p>\n<p>D\u00e9but du trek : Pr\u00e9pare-toi pour un incroyable trek de 7,6 km (environ 3 heures) jusqu&#8217;au deuxi\u00e8me camp ! Tu profiteras de vues \u00e0 couper le souffle et des sons apaisants de la nature en chemin.<br \/>\nD\u00e9jeuner au camp Mumake : Savoure un d\u00e9licieux d\u00e9jeuner nutritif au refuge Mumake tout en te relaxant dans ce magnifique environnement.<\/p>\n<p>Randonn\u00e9e vers le camp Zhulezhi : C&#8217;est reparti ! C&#8217;est encore environ 4 heures de trek, et on va pouvoir appr\u00e9cier la faune et la flore incroyables de la r\u00e9gion.<\/p>\n<p>Arriv\u00e9e au camp Zhulezhi : Pr\u00e9pare-toi \u00e0 profiter d&#8217;installations g\u00e9niales (toilettes, douches et \u00e9lectricit\u00e9 de 18h \u00e0 21h) et \u00e0 te relaxer dans ton lit.<br \/>\nD\u00eener : Pr\u00e9pare-toi \u00e0 partager des histoires avec ton groupe tout en savourant un d\u00e9licieux d\u00eener local !<\/p>\n<h4 class=\"timeline-title\"><strong>JOUR 2 :<\/strong> on va d\u00e9couvrir Le Circuit de 3 Jours \u00e0 La Cit\u00e9 Perdue de Colombie<\/h4>\n<p>Pr\u00e9pare-toi pour une journ\u00e9e pleine de d\u00e9couvertes avec un petit-d\u00e9jeuner matinal.<\/p>\n<p>Le Circuit de 3 Jours \u00e0 La Cit\u00e9 Perdue de Colombie\u00a0. \u00c0 seulement 2 km, grimpe les 1 200 marches qui m\u00e8nent aux majestueuses ruines de Teyuna.<\/p>\n<p>Explore le parc arch\u00e9ologique lors d&#8217;une visite de 3 heures et d\u00e9couvre l&#8217;histoire et la culture des anc\u00eatres.<\/p>\n<p>Tu retourneras au camp Zhulezhi, d\u00e9jeuneras et rechargeras tes batteries avant de retourner au camp Mumake, o\u00f9 tu passeras la nuit.<\/p>\n<p>Tu passeras la nuit au camp. Profite du d\u00eener et relaxe-toi dans les hamacs ou les lits fournis.<\/p>\n<h4 class=\"timeline-title\"><strong>JOUR 3 :<\/strong> il est temps de retourner \u00e0 Santa Marta<\/h4>\n<p>Petit-d\u00e9jeuner : Offre-toi un d\u00e9licieux petit-d\u00e9jeuner \u00e9nergisant pour faire le plein d&#8217;\u00e9nergie pour le voyage de retour !<br \/>\nIl est temps de retourner \u00e0 la civilisation ! On partira vers le charmant village d&#8217;El Mamey, ce qui nous prendra environ 6 \u00e0 8 heures.<\/p>\n<p>Apr\u00e8s ta randonn\u00e9e, tu prendras un d\u00e9licieux d\u00e9jeuner \u00e0 El Mamey. Ce sera une excellente occasion de te relaxer et de savourer un bon repas dans le village.<\/p>\n<p>Transport vers Santa Marta : On te ram\u00e8nera en ville en v\u00e9hicule 4\u00d74, et tu seras plein de souvenirs inoubliables de cette merveilleuse aventure !<\/p>\n<p><strong>On aimerait que tu nous rejoignes !<\/strong><\/p>\n<p>Cette exp\u00e9rience unique en son genre t&#8217;offre la chance d&#8217;explorer Le Circuit de 3 Jours \u00e0 La Cit\u00e9 Perdue de Colombie et de t&#8217;immerger dans la culture et la vision du monde des peuples indig\u00e8nes de la Sierra Nevada. Chaque pas que tu feras sera une d\u00e9couverte, et chaque vue te coupera le souffle. R\u00e9serve avec nous et vis l&#8217;aventure !<\/p>\n","protected":false},"excerpt":{"rendered":"<p><strong>Circuit de 3 Jours \u00e0 La Cit\u00e9 Perdue de Colombie<\/strong><\/p>\n<p>Embarque pour le Circuit de 3 Jours \u00e0 La Cit\u00e9 Perdue de Colombie. une aventure palpitante de 3 jours au c\u0153ur de la Sierra Nevada de Santa Marta.<br \/>\nCe voyage difficile mais inoubliable t&#8217;emm\u00e8ne \u00e0 travers des sentiers de jungle luxuriante, des travers\u00e9es de rivi\u00e8res et des sentiers indig\u00e8nes sacr\u00e9s.<\/p>\n<p>Menant aux vestiges mystiques de la Cit\u00e9 Perdue de Colombie, l&#8217;un des sites arch\u00e9ologiques les plus extraordinaires d&#8217;Am\u00e9rique du Sud.<br \/>\nChaque jour, tu feras du trek pendant 7 \u00e0 8 heures entour\u00e9 de paysages \u00e0 couper le souffle, d&#8217;une faune exotique et d&#8217;une riche \u00e9nergie ancestrale.<\/p>\n<p>En chemin, des guides locaux experts partagent les histoires de la civilisation Tayrona, connectant chaque pas avec des si\u00e8cles d&#8217;histoire cach\u00e9e.<\/p>\n<p><strong>Prix du tour 2 150 000 COP avec traducteur<\/strong><\/p>\n","protected":false},"featured_media":3696,"comment_status":"open","ping_status":"closed","template":"","meta":{"_joinchat":[]},"product_brand":[],"product_cat":[45],"product_tag":[],"class_list":{"0":"post-3702","1":"product","2":"type-product","3":"status-publish","4":"has-post-thumbnail","6":"product_cat-la-sierra-nevada-de-santa-marta","8":"first","9":"instock","10":"taxable","11":"shipping-taxable","12":"purchasable","13":"product-type-ovatb_tour"},"_links":{"self":[{"href":"https:\/\/lostcitytrekcolombia.com\/fr\/wp-json\/wp\/v2\/product\/3702","targetHints":{"allow":["GET"]}}],"collection":[{"href":"https:\/\/lostcitytrekcolombia.com\/fr\/wp-json\/wp\/v2\/product"}],"about":[{"href":"https:\/\/lostcitytrekcolombia.com\/fr\/wp-json\/wp\/v2\/types\/product"}],"replies":[{"embeddable":true,"href":"https:\/\/lostcitytrekcolombia.com\/fr\/wp-json\/wp\/v2\/comments?post=3702"}],"version-history":[{"count":4,"href":"https:\/\/lostcitytrekcolombia.com\/fr\/wp-json\/wp\/v2\/product\/3702\/revisions"}],"predecessor-version":[{"id":4014,"href":"https:\/\/lostcitytrekcolombia.com\/fr\/wp-json\/wp\/v2\/product\/3702\/revisions\/4014"}],"wp:featuredmedia":[{"embeddable":true,"href":"https:\/\/lostcitytrekcolombia.com\/fr\/wp-json\/wp\/v2\/media\/3696"}],"wp:attachment":[{"href":"https:\/\/lostcitytrekcolombia.com\/fr\/wp-json\/wp\/v2\/media?parent=3702"}],"wp:term":[{"taxonomy":"product_brand","embeddable":true,"href":"https:\/\/lostcitytrekcolombia.com\/fr\/wp-json\/wp\/v2\/product_brand?post=3702"},{"taxonomy":"product_cat","embeddable":true,"href":"https:\/\/lostcitytrekcolombia.com\/fr\/wp-json\/wp\/v2\/product_cat?post=3702"},{"taxonomy":"product_tag","embeddable":true,"href":"https:\/\/lostcitytrekcolombia.com\/fr\/wp-json\/wp\/v2\/product_tag?post=3702"}],"curies":[{"name":"wp","href":"https:\/\/api.w.org\/{rel}","templated":true}]}}